{"id":377,"date":"2019-04-02T02:29:08","date_gmt":"2019-04-02T02:29:08","guid":{"rendered":"https:\/\/sillassubegradas.com\/about-us\/"},"modified":"2020-08-15T03:47:09","modified_gmt":"2020-08-15T03:47:09","slug":"sobre-nosotros","status":"publish","type":"page","link":"https:\/\/sillassubegradas.com\/?page_id=377","title":{"rendered":"Sobre Nosotros"},"content":{"rendered":"\t\t<div data-elementor-type=\"wp-post\" data-elementor-id=\"377\" class=\"elementor elementor-377\">\n\t\t\t\t\t\t<section class=\"elementor-section elementor-top-section elementor-element elementor-element-945ba98 elementor-section-content-middle elementor-reverse-tablet elementor-reverse-mobile elementor-section-boxed elementor-section-height-default elementor-section-height-default\" data-id=\"945ba98\" data-element_type=\"section\" data-settings=\"{&quot;background_background&quot;:&quot;classic&quot;}\">\n\t\t\t\t\t\t\t<div class=\"elementor-background-overlay\"><\/div>\n\t\t\t\t\t\t\t<div class=\"elementor-container elementor-column-gap-no\">\n\t\t\t\t\t<div class=\"elementor-column elementor-col-50 elementor-top-column elementor-element elementor-element-062db5c\" data-id=\"062db5c\" data-element_type=\"column\">\n\t\t\t<div class=\"elementor-widget-wrap elementor-element-populated\">\n\t\t\t\t\t\t<div class=\"elementor-element elementor-element-8a70a1a elementor-widget elementor-widget-heading\" data-id=\"8a70a1a\" data-element_type=\"widget\" data-widget_type=\"heading.default\">\n\t\t\t\t<div class=\"elementor-widget-container\">\n\t\t\t<h2 class=\"elementor-heading-title elementor-size-default\">sobre nosotros<\/h2>\t\t<\/div>\n\t\t\t\t<\/div>\n\t\t\t\t<div class=\"elementor-element elementor-element-49c3cd3 elementor-widget-divider--view-line elementor-widget elementor-widget-divider\" data-id=\"49c3cd3\" data-element_type=\"widget\" data-widget_type=\"divider.default\">\n\t\t\t\t<div class=\"elementor-widget-container\">\n\t\t\t\t\t<div class=\"elementor-divider\">\n\t\t\t<span class=\"elementor-divider-separator\">\n\t\t\t\t\t\t<\/span>\n\t\t<\/div>\n\t\t\t\t<\/div>\n\t\t\t\t<\/div>\n\t\t\t\t\t<\/div>\n\t\t<\/div>\n\t\t\t\t<div class=\"elementor-column elementor-col-50 elementor-top-column elementor-element elementor-element-0d8d96a\" data-id=\"0d8d96a\" data-element_type=\"column\">\n\t\t\t<div class=\"elementor-widget-wrap\">\n\t\t\t\t\t\t\t<\/div>\n\t\t<\/div>\n\t\t\t\t\t<\/div>\n\t\t<\/section>\n\t\t\t\t<section class=\"elementor-section elementor-top-section elementor-element elementor-element-dfbb738 elementor-section-content-top elementor-section-boxed elementor-section-height-default elementor-section-height-default\" data-id=\"dfbb738\" data-element_type=\"section\" data-settings=\"{&quot;background_background&quot;:&quot;classic&quot;}\">\n\t\t\t\t\t\t\t<div class=\"elementor-background-overlay\"><\/div>\n\t\t\t\t\t\t\t<div class=\"elementor-container elementor-column-gap-no\">\n\t\t\t\t\t<div class=\"elementor-column elementor-col-100 elementor-top-column elementor-element elementor-element-a00996a\" data-id=\"a00996a\" data-element_type=\"column\">\n\t\t\t<div class=\"elementor-widget-wrap elementor-element-populated\">\n\t\t\t\t\t\t<div class=\"elementor-element elementor-element-f6bdcd1 elementor-widget elementor-widget-heading\" data-id=\"f6bdcd1\" data-element_type=\"widget\" data-widget_type=\"heading.default\">\n\t\t\t\t<div class=\"elementor-widget-container\">\n\t\t\t<h6 class=\"elementor-heading-title elementor-size-default\">sobre escale<\/h6>\t\t<\/div>\n\t\t\t\t<\/div>\n\t\t\t\t<div class=\"elementor-element elementor-element-f172bb4 elementor-widget elementor-widget-heading\" data-id=\"f172bb4\" data-element_type=\"widget\" data-widget_type=\"heading.default\">\n\t\t\t\t<div class=\"elementor-widget-container\">\n\t\t\t<h2 class=\"elementor-heading-title elementor-size-default\">\u00bfqui\u00e9nes somos?<\/h2>\t\t<\/div>\n\t\t\t\t<\/div>\n\t\t\t\t<div class=\"elementor-element elementor-element-96a79f2 elementor-widget-divider--view-line elementor-widget elementor-widget-divider\" data-id=\"96a79f2\" data-element_type=\"widget\" data-widget_type=\"divider.default\">\n\t\t\t\t<div class=\"elementor-widget-container\">\n\t\t\t\t\t<div class=\"elementor-divider\">\n\t\t\t<span class=\"elementor-divider-separator\">\n\t\t\t\t\t\t<\/span>\n\t\t<\/div>\n\t\t\t\t<\/div>\n\t\t\t\t<\/div>\n\t\t\t\t<section class=\"elementor-section elementor-inner-section elementor-element elementor-element-90956de elementor-section-content-top elementor-section-boxed elementor-section-height-default elementor-section-height-default\" data-id=\"90956de\" data-element_type=\"section\">\n\t\t\t\t\t\t<div class=\"elementor-container elementor-column-gap-no\">\n\t\t\t\t\t<div class=\"elementor-column elementor-col-50 elementor-inner-column elementor-element elementor-element-75e1b0e\" data-id=\"75e1b0e\" data-element_type=\"column\">\n\t\t\t<div class=\"elementor-widget-wrap elementor-element-populated\">\n\t\t\t\t\t\t<div class=\"elementor-element elementor-element-fd6f233 elementor-widget elementor-widget-heading\" data-id=\"fd6f233\" data-element_type=\"widget\" data-widget_type=\"heading.default\">\n\t\t\t\t<div class=\"elementor-widget-container\">\n\t\t\t<h4 class=\"elementor-heading-title elementor-size-default\">\u00bfQu\u00e9 es escale?<\/h4>\t\t<\/div>\n\t\t\t\t<\/div>\n\t\t\t\t<div class=\"elementor-element elementor-element-2814e90 elementor-widget elementor-widget-text-editor\" data-id=\"2814e90\" data-element_type=\"widget\" data-widget_type=\"text-editor.default\">\n\t\t\t\t<div class=\"elementor-widget-container\">\n\t\t\t\t\t\t\t<p>Escale es una empresa acreditada por la calidad de su producto y mantenimiento del equipo instalado.<\/p><p>Siendo nuestro principal producto las Sillas sube gradas. Ofrecemos sistemas de elevaci\u00f3n residencial para subir gradas por medio de una silla elevadora de las marcas ACORN y BISON, de fabricaci\u00f3n Inglesa, reconocidas en todo el mundo por su dise\u00f1o innovador y excelentes sistemas de seguridad, siendo la soluci\u00f3n m\u00e1s segura, confortable y simple para ayudarle en la dificultad de subir gradas.<\/p>\t\t\t\t\t\t<\/div>\n\t\t\t\t<\/div>\n\t\t\t\t\t<\/div>\n\t\t<\/div>\n\t\t\t\t<div class=\"elementor-column elementor-col-50 elementor-inner-column elementor-element elementor-element-ea5956f\" data-id=\"ea5956f\" data-element_type=\"column\">\n\t\t\t<div class=\"elementor-widget-wrap elementor-element-populated\">\n\t\t\t\t\t\t<div class=\"elementor-element elementor-element-a34eff5 elementor-widget elementor-widget-heading\" data-id=\"a34eff5\" data-element_type=\"widget\" data-widget_type=\"heading.default\">\n\t\t\t\t<div class=\"elementor-widget-container\">\n\t\t\t<h4 class=\"elementor-heading-title elementor-size-default\">nuestro compromiso<\/h4>\t\t<\/div>\n\t\t\t\t<\/div>\n\t\t\t\t<div class=\"elementor-element elementor-element-0badc48 elementor-widget elementor-widget-text-editor\" data-id=\"0badc48\" data-element_type=\"widget\" data-widget_type=\"text-editor.default\">\n\t\t\t\t<div class=\"elementor-widget-container\">\n\t\t\t\t\t\t\t<p>En Escale proveemos movilidad y libertad dentro de su residencia. Contamos con las mejores sillas sube gradas para que la protecci\u00f3n de su ser m\u00e1s querido este garantizada.\u00a0<\/p><p>Tenemos m\u00e1s de 10 a\u00f1os de experiencia prestando el servicio en Guatemala brind\u00e1ndoles la calidad de vida que se merecen nuestros clientes.<\/p>\t\t\t\t\t\t<\/div>\n\t\t\t\t<\/div>\n\t\t\t\t<div class=\"elementor-element elementor-element-1872833 elementor-widget elementor-widget-text-editor\" data-id=\"1872833\" data-element_type=\"widget\" data-widget_type=\"text-editor.default\">\n\t\t\t\t<div class=\"elementor-widget-container\">\n\t\t\t\t\t\t\t<p>Contamos con el servicio de instalaci\u00f3n, capacitaci\u00f3n para el uso adecuado del equipo y mantenimiento garantizando el buen desarrollo y comodidad de su persona.<\/p>\t\t\t\t\t\t<\/div>\n\t\t\t\t<\/div>\n\t\t\t\t<div class=\"elementor-element elementor-element-60104b2 elementor-widget elementor-widget-text-editor\" data-id=\"60104b2\" data-element_type=\"widget\" data-widget_type=\"text-editor.default\">\n\t\t\t\t<div class=\"elementor-widget-container\">\n\t\t\t\t\t\t\t<p>Con Escale recobre la movilidad de una forma c\u00f3moda, digna y con estilo.<\/p>\t\t\t\t\t\t<\/div>\n\t\t\t\t<\/div>\n\t\t\t\t\t<\/div>\n\t\t<\/div>\n\t\t\t\t\t<\/div>\n\t\t<\/section>\n\t\t\t\t\t<\/div>\n\t\t<\/div>\n\t\t\t\t\t<\/div>\n\t\t<\/section>\n\t\t\t\t<section class=\"elementor-section elementor-top-section elementor-element elementor-element-eb845d0 elementor-section-content-top elementor-section-boxed elementor-section-height-default elementor-section-height-default\" data-id=\"eb845d0\" data-element_type=\"section\">\n\t\t\t\t\t\t<div class=\"elementor-container elementor-column-gap-no\">\n\t\t\t\t\t<div class=\"elementor-column elementor-col-100 elementor-top-column elementor-element elementor-element-caf2303\" data-id=\"caf2303\" data-element_type=\"column\">\n\t\t\t<div class=\"elementor-widget-wrap elementor-element-populated\">\n\t\t\t\t\t\t<section class=\"elementor-section elementor-inner-section elementor-element elementor-element-4590c26 elementor-section-content-top elementor-section-boxed elementor-section-height-default elementor-section-height-default\" data-id=\"4590c26\" data-element_type=\"section\">\n\t\t\t\t\t\t<div class=\"elementor-container elementor-column-gap-no\">\n\t\t\t\t\t<div class=\"elementor-column elementor-col-50 elementor-inner-column elementor-element elementor-element-514ff30\" data-id=\"514ff30\" data-element_type=\"column\">\n\t\t\t<div class=\"elementor-widget-wrap elementor-element-populated\">\n\t\t\t\t\t\t<div class=\"elementor-element elementor-element-bb6e975 elementor-widget elementor-widget-heading\" data-id=\"bb6e975\" data-element_type=\"widget\" data-widget_type=\"heading.default\">\n\t\t\t\t<div class=\"elementor-widget-container\">\n\t\t\t<h4 class=\"elementor-heading-title elementor-size-default\">NUESTRA VISI\u00d3N<\/h4>\t\t<\/div>\n\t\t\t\t<\/div>\n\t\t\t\t<div class=\"elementor-element elementor-element-83adcf1 elementor-widget elementor-widget-text-editor\" data-id=\"83adcf1\" data-element_type=\"widget\" data-widget_type=\"text-editor.default\">\n\t\t\t\t<div class=\"elementor-widget-container\">\n\t\t\t\t\t\t\t<p>Aenean sollicitudin, lorem quis bibendum auctor, nisi elit consequat ipsum, nec sagittis sem nibh id elit. Duis sed odio sit amet nibh vulputate cursus a sit amet mauris. Morbi accumsan ipsum velit. Nam nec tellus a odio tincidunt auctor a ornare odio. Sed non mauris vitae erat consequat auctor eu in elit. Class aptent taciti sociosqu ad litora torquent per conubia nostra, per inceptos himenaeos. Mauris in erat justo.<\/p>\t\t\t\t\t\t<\/div>\n\t\t\t\t<\/div>\n\t\t\t\t<div class=\"elementor-element elementor-element-a237735 elementor-widget elementor-widget-text-editor\" data-id=\"a237735\" data-element_type=\"widget\" data-widget_type=\"text-editor.default\">\n\t\t\t\t<div class=\"elementor-widget-container\">\n\t\t\t\t\t\t\t<p>Duis sed odio sit amet nibh vulputate cursus a sit amet mauris. Morbi accumsan ipsum velit. Nam nec tellus a odio tincidunt.<\/p>\t\t\t\t\t\t<\/div>\n\t\t\t\t<\/div>\n\t\t\t\t\t<\/div>\n\t\t<\/div>\n\t\t\t\t<div class=\"elementor-column elementor-col-50 elementor-inner-column elementor-element elementor-element-beb4f21\" data-id=\"beb4f21\" data-element_type=\"column\">\n\t\t\t<div class=\"elementor-widget-wrap elementor-element-populated\">\n\t\t\t\t\t\t<div class=\"elementor-element elementor-element-9a66b96 elementor-widget elementor-widget-heading\" data-id=\"9a66b96\" data-element_type=\"widget\" data-widget_type=\"heading.default\">\n\t\t\t\t<div class=\"elementor-widget-container\">\n\t\t\t<h4 class=\"elementor-heading-title elementor-size-default\">NUESTRA MISI\u00d3N<\/h4>\t\t<\/div>\n\t\t\t\t<\/div>\n\t\t\t\t<div class=\"elementor-element elementor-element-273ef20 elementor-widget elementor-widget-text-editor\" data-id=\"273ef20\" data-element_type=\"widget\" data-widget_type=\"text-editor.default\">\n\t\t\t\t<div class=\"elementor-widget-container\">\n\t\t\t\t\t\t\t<p>Sed odio sit amet nibh vulputate cursus a sit amet mauris. Morbi accumsan ipsum velit. Nam nec tellus a odio tincidunt auctor a ornare odio. Sed non mauris vitae erat consequat auctor eu in elit. Class aptent taciti sociosqu ad litora torquent per conubia nostra, per inceptos himenaeos. Mauris in erat justo.<\/p>\t\t\t\t\t\t<\/div>\n\t\t\t\t<\/div>\n\t\t\t\t<div class=\"elementor-element elementor-element-051c1f7 elementor-widget elementor-widget-text-editor\" data-id=\"051c1f7\" data-element_type=\"widget\" data-widget_type=\"text-editor.default\">\n\t\t\t\t<div class=\"elementor-widget-container\">\n\t\t\t\t\t\t\t<p>Accumsan ipsum velit. Nam nec tellus a odio tincidunt auctor a ornare odio. Sed non mauris vitae erat consequat auctor eu in elit. Class aptent taciti sociosqu ad litora torquent per conubia nostra.<\/p>\t\t\t\t\t\t<\/div>\n\t\t\t\t<\/div>\n\t\t\t\t\t<\/div>\n\t\t<\/div>\n\t\t\t\t\t<\/div>\n\t\t<\/section>\n\t\t\t\t\t<\/div>\n\t\t<\/div>\n\t\t\t\t\t<\/div>\n\t\t<\/section>\n\t\t\t\t<section class=\"elementor-section elementor-top-section elementor-element elementor-element-94b608c elementor-section-content-top elementor-section-boxed elementor-section-height-default elementor-section-height-default\" data-id=\"94b608c\" data-element_type=\"section\" data-settings=\"{&quot;background_background&quot;:&quot;classic&quot;}\">\n\t\t\t\t\t\t\t<div class=\"elementor-background-overlay\"><\/div>\n\t\t\t\t\t\t\t<div class=\"elementor-container elementor-column-gap-no\">\n\t\t\t\t\t<div class=\"elementor-column elementor-col-100 elementor-top-column elementor-element elementor-element-cff86c4\" data-id=\"cff86c4\" data-element_type=\"column\">\n\t\t\t<div class=\"elementor-widget-wrap elementor-element-populated\">\n\t\t\t\t\t\t<section class=\"elementor-section elementor-inner-section elementor-element elementor-element-01088eb elementor-section-content-top elementor-section-boxed elementor-section-height-default elementor-section-height-default\" data-id=\"01088eb\" data-element_type=\"section\">\n\t\t\t\t\t\t<div class=\"elementor-container elementor-column-gap-no\">\n\t\t\t\t\t<div class=\"elementor-column elementor-col-50 elementor-inner-column elementor-element elementor-element-b0d8e4f\" data-id=\"b0d8e4f\" data-element_type=\"column\">\n\t\t\t<div class=\"elementor-widget-wrap elementor-element-populated\">\n\t\t\t\t\t\t<div class=\"elementor-element elementor-element-4c9eabf elementor-widget-divider--view-line elementor-widget elementor-widget-divider\" data-id=\"4c9eabf\" data-element_type=\"widget\" data-widget_type=\"divider.default\">\n\t\t\t\t<div class=\"elementor-widget-container\">\n\t\t\t\t\t<div class=\"elementor-divider\">\n\t\t\t<span class=\"elementor-divider-separator\">\n\t\t\t\t\t\t<\/span>\n\t\t<\/div>\n\t\t\t\t<\/div>\n\t\t\t\t<\/div>\n\t\t\t\t<div class=\"elementor-element elementor-element-030951f elementor-widget elementor-widget-counter\" data-id=\"030951f\" data-element_type=\"widget\" data-widget_type=\"counter.default\">\n\t\t\t\t<div class=\"elementor-widget-container\">\n\t\t\t\t\t<div class=\"elementor-counter\">\n\t\t\t<div class=\"elementor-counter-title\">Sillas Instaladas<\/div>\t\t\t<div class=\"elementor-counter-number-wrapper\">\n\t\t\t\t<span class=\"elementor-counter-number-prefix\"><\/span>\n\t\t\t\t<span class=\"elementor-counter-number\" data-duration=\"1000\" data-to-value=\"136\" data-from-value=\"0\" data-delimiter=\",\">0<\/span>\n\t\t\t\t<span class=\"elementor-counter-number-suffix\">+<\/span>\n\t\t\t<\/div>\n\t\t<\/div>\n\t\t\t\t<\/div>\n\t\t\t\t<\/div>\n\t\t\t\t\t<\/div>\n\t\t<\/div>\n\t\t\t\t<div class=\"elementor-column elementor-col-50 elementor-inner-column elementor-element elementor-element-74c0897\" data-id=\"74c0897\" data-element_type=\"column\">\n\t\t\t<div class=\"elementor-widget-wrap elementor-element-populated\">\n\t\t\t\t\t\t<div class=\"elementor-element elementor-element-1e203b4 elementor-widget-divider--view-line elementor-widget elementor-widget-divider\" data-id=\"1e203b4\" data-element_type=\"widget\" data-widget_type=\"divider.default\">\n\t\t\t\t<div class=\"elementor-widget-container\">\n\t\t\t\t\t<div class=\"elementor-divider\">\n\t\t\t<span class=\"elementor-divider-separator\">\n\t\t\t\t\t\t<\/span>\n\t\t<\/div>\n\t\t\t\t<\/div>\n\t\t\t\t<\/div>\n\t\t\t\t<div class=\"elementor-element elementor-element-3406ccb elementor-widget elementor-widget-counter\" data-id=\"3406ccb\" data-element_type=\"widget\" data-widget_type=\"counter.default\">\n\t\t\t\t<div class=\"elementor-widget-container\">\n\t\t\t\t\t<div class=\"elementor-counter\">\n\t\t\t<div class=\"elementor-counter-title\">Clientes Satisfechos<\/div>\t\t\t<div class=\"elementor-counter-number-wrapper\">\n\t\t\t\t<span class=\"elementor-counter-number-prefix\"><\/span>\n\t\t\t\t<span class=\"elementor-counter-number\" data-duration=\"1000\" data-to-value=\"136\" data-from-value=\"0\" data-delimiter=\",\">0<\/span>\n\t\t\t\t<span class=\"elementor-counter-number-suffix\">+<\/span>\n\t\t\t<\/div>\n\t\t<\/div>\n\t\t\t\t<\/div>\n\t\t\t\t<\/div>\n\t\t\t\t\t<\/div>\n\t\t<\/div>\n\t\t\t\t\t<\/div>\n\t\t<\/section>\n\t\t\t\t\t<\/div>\n\t\t<\/div>\n\t\t\t\t\t<\/div>\n\t\t<\/section>\n\t\t\t\t<\/div>\n\t\t","protected":false},"excerpt":{"rendered":"<p>sobre nosotros sobre escale \u00bfqui\u00e9nes somos? \u00bfQu\u00e9 es escale? Escale es una empresa acreditada por la calidad de su producto y mantenimiento del equipo instalado. Siendo nuestro principal producto las Sillas sube gradas. Ofrecemos sistemas de elevaci\u00f3n residencial para subir gradas por medio de una silla elevadora de las marcas ACORN y BISON, de fabricaci\u00f3n &hellip;<\/p>\n<p class=\"read-more\"> <a class=\"\" href=\"https:\/\/sillassubegradas.com\/?page_id=377\"> <span class=\"screen-reader-text\">Sobre Nosotros<\/span> Read More &raquo;<\/a><\/p>\n","protected":false},"author":1,"featured_media":0,"parent":0,"menu_order":0,"comment_status":"closed","ping_status":"closed","template":"","meta":{"_joinchat":[],"footnotes":""},"class_list":["post-377","page","type-page","status-publish","hentry"],"yoast_head":"<!-- This site is optimized with the Yoast SEO plugin v24.0 - https:\/\/yoast.com\/wordpress\/plugins\/seo\/ -->\n<title>Sobre Nosotros | Escale - Sillas Sube Gradas<\/title>\n<meta name=\"description\" content=\"En Escale proveemos movilidad y libertad dentro de su hogar. Las sillas sube gradas protegen a su ser m\u00e1s querido\" \/>\n<meta name=\"robots\" content=\"index, follow, max-snippet:-1, max-image-preview:large, max-video-preview:-1\" \/>\n<link rel=\"canonical\" href=\"https:\/\/sillassubegradas.com\/?page_id=377\" \/>\n<meta property=\"og:locale\" content=\"es_ES\" \/>\n<meta property=\"og:type\" content=\"article\" \/>\n<meta property=\"og:title\" content=\"Sobre Nosotros | Escale - Sillas Sube Gradas\" \/>\n<meta property=\"og:description\" content=\"En Escale proveemos movilidad y libertad dentro de su hogar. Las sillas sube gradas protegen a su ser m\u00e1s querido\" \/>\n<meta property=\"og:url\" content=\"https:\/\/sillassubegradas.com\/?page_id=377\" \/>\n<meta property=\"og:site_name\" content=\"Escale - Sillas Sube Gradas\" \/>\n<meta property=\"article:publisher\" content=\"https:\/\/www.facebook.com\/stairliftguatemala\/\" \/>\n<meta property=\"article:modified_time\" content=\"2020-08-15T03:47:09+00:00\" \/>\n<meta property=\"og:image\" content=\"https:\/\/sillassubegradas.com\/wp-content\/uploads\/2020\/08\/se\u00f1or-silla-sube-gradas.jpg\" \/>\n\t<meta property=\"og:image:width\" content=\"1920\" \/>\n\t<meta property=\"og:image:height\" content=\"1080\" \/>\n\t<meta property=\"og:image:type\" content=\"image\/jpeg\" \/>\n<meta name=\"twitter:card\" content=\"summary_large_image\" \/>\n<meta name=\"twitter:label1\" content=\"Est. reading time\" \/>\n\t<meta name=\"twitter:data1\" content=\"2 minutos\" \/>\n<script type=\"application\/ld+json\" class=\"yoast-schema-graph\">{\"@context\":\"https:\/\/schema.org\",\"@graph\":[{\"@type\":\"WebPage\",\"@id\":\"https:\/\/sillassubegradas.com\/?page_id=377\",\"url\":\"https:\/\/sillassubegradas.com\/?page_id=377\",\"name\":\"Sobre Nosotros | Escale - Sillas Sube Gradas\",\"isPartOf\":{\"@id\":\"https:\/\/sillassubegradas.com\/#website\"},\"datePublished\":\"2019-04-02T02:29:08+00:00\",\"dateModified\":\"2020-08-15T03:47:09+00:00\",\"description\":\"En Escale proveemos movilidad y libertad dentro de su hogar. Las sillas sube gradas protegen a su ser m\u00e1s querido\",\"breadcrumb\":{\"@id\":\"https:\/\/sillassubegradas.com\/?page_id=377#breadcrumb\"},\"inLanguage\":\"es\",\"potentialAction\":[{\"@type\":\"ReadAction\",\"target\":[\"https:\/\/sillassubegradas.com\/?page_id=377\"]}]},{\"@type\":\"BreadcrumbList\",\"@id\":\"https:\/\/sillassubegradas.com\/?page_id=377#breadcrumb\",\"itemListElement\":[{\"@type\":\"ListItem\",\"position\":1,\"name\":\"Portada\",\"item\":\"https:\/\/sillassubegradas.com\/\"},{\"@type\":\"ListItem\",\"position\":2,\"name\":\"Sobre Nosotros\"}]},{\"@type\":\"WebSite\",\"@id\":\"https:\/\/sillassubegradas.com\/#website\",\"url\":\"https:\/\/sillassubegradas.com\/\",\"name\":\"Escale - Sillas Sube Gradas\",\"description\":\"Sillas Sube Gradas Guatemala\",\"publisher\":{\"@id\":\"https:\/\/sillassubegradas.com\/#organization\"},\"potentialAction\":[{\"@type\":\"SearchAction\",\"target\":{\"@type\":\"EntryPoint\",\"urlTemplate\":\"https:\/\/sillassubegradas.com\/?s={search_term_string}\"},\"query-input\":{\"@type\":\"PropertyValueSpecification\",\"valueRequired\":true,\"valueName\":\"search_term_string\"}}],\"inLanguage\":\"es\"},{\"@type\":\"Organization\",\"@id\":\"https:\/\/sillassubegradas.com\/#organization\",\"name\":\"Sillas Sube Gradas Escale\",\"url\":\"https:\/\/sillassubegradas.com\/\",\"logo\":{\"@type\":\"ImageObject\",\"inLanguage\":\"es\",\"@id\":\"https:\/\/sillassubegradas.com\/#\/schema\/logo\/image\/\",\"url\":\"https:\/\/sillassubegradas.com\/wp-content\/uploads\/2020\/08\/LOGO-EDITABLE.png\",\"contentUrl\":\"https:\/\/sillassubegradas.com\/wp-content\/uploads\/2020\/08\/LOGO-EDITABLE.png\",\"width\":4426,\"height\":1909,\"caption\":\"Sillas Sube Gradas Escale\"},\"image\":{\"@id\":\"https:\/\/sillassubegradas.com\/#\/schema\/logo\/image\/\"},\"sameAs\":[\"https:\/\/www.facebook.com\/stairliftguatemala\/\"]}]}<\/script>\n<!-- \/ Yoast SEO plugin. -->","yoast_head_json":{"title":"Sobre Nosotros | Escale - Sillas Sube Gradas","description":"En Escale proveemos movilidad y libertad dentro de su hogar. Las sillas sube gradas protegen a su ser m\u00e1s querido","robots":{"index":"index","follow":"follow","max-snippet":"max-snippet:-1","max-image-preview":"max-image-preview:large","max-video-preview":"max-video-preview:-1"},"canonical":"https:\/\/sillassubegradas.com\/?page_id=377","og_locale":"es_ES","og_type":"article","og_title":"Sobre Nosotros | Escale - Sillas Sube Gradas","og_description":"En Escale proveemos movilidad y libertad dentro de su hogar. Las sillas sube gradas protegen a su ser m\u00e1s querido","og_url":"https:\/\/sillassubegradas.com\/?page_id=377","og_site_name":"Escale - Sillas Sube Gradas","article_publisher":"https:\/\/www.facebook.com\/stairliftguatemala\/","article_modified_time":"2020-08-15T03:47:09+00:00","og_image":[{"width":1920,"height":1080,"url":"https:\/\/sillassubegradas.com\/wp-content\/uploads\/2020\/08\/se\u00f1or-silla-sube-gradas.jpg","type":"image\/jpeg"}],"twitter_card":"summary_large_image","twitter_misc":{"Est. reading time":"2 minutos"},"schema":{"@context":"https:\/\/schema.org","@graph":[{"@type":"WebPage","@id":"https:\/\/sillassubegradas.com\/?page_id=377","url":"https:\/\/sillassubegradas.com\/?page_id=377","name":"Sobre Nosotros | Escale - Sillas Sube Gradas","isPartOf":{"@id":"https:\/\/sillassubegradas.com\/#website"},"datePublished":"2019-04-02T02:29:08+00:00","dateModified":"2020-08-15T03:47:09+00:00","description":"En Escale proveemos movilidad y libertad dentro de su hogar. Las sillas sube gradas protegen a su ser m\u00e1s querido","breadcrumb":{"@id":"https:\/\/sillassubegradas.com\/?page_id=377#breadcrumb"},"inLanguage":"es","potentialAction":[{"@type":"ReadAction","target":["https:\/\/sillassubegradas.com\/?page_id=377"]}]},{"@type":"BreadcrumbList","@id":"https:\/\/sillassubegradas.com\/?page_id=377#breadcrumb","itemListElement":[{"@type":"ListItem","position":1,"name":"Portada","item":"https:\/\/sillassubegradas.com\/"},{"@type":"ListItem","position":2,"name":"Sobre Nosotros"}]},{"@type":"WebSite","@id":"https:\/\/sillassubegradas.com\/#website","url":"https:\/\/sillassubegradas.com\/","name":"Escale - Sillas Sube Gradas","description":"Sillas Sube Gradas Guatemala","publisher":{"@id":"https:\/\/sillassubegradas.com\/#organization"},"potentialAction":[{"@type":"SearchAction","target":{"@type":"EntryPoint","urlTemplate":"https:\/\/sillassubegradas.com\/?s={search_term_string}"},"query-input":{"@type":"PropertyValueSpecification","valueRequired":true,"valueName":"search_term_string"}}],"inLanguage":"es"},{"@type":"Organization","@id":"https:\/\/sillassubegradas.com\/#organization","name":"Sillas Sube Gradas Escale","url":"https:\/\/sillassubegradas.com\/","logo":{"@type":"ImageObject","inLanguage":"es","@id":"https:\/\/sillassubegradas.com\/#\/schema\/logo\/image\/","url":"https:\/\/sillassubegradas.com\/wp-content\/uploads\/2020\/08\/LOGO-EDITABLE.png","contentUrl":"https:\/\/sillassubegradas.com\/wp-content\/uploads\/2020\/08\/LOGO-EDITABLE.png","width":4426,"height":1909,"caption":"Sillas Sube Gradas Escale"},"image":{"@id":"https:\/\/sillassubegradas.com\/#\/schema\/logo\/image\/"},"sameAs":["https:\/\/www.facebook.com\/stairliftguatemala\/"]}]}},"_links":{"self":[{"href":"https:\/\/sillassubegradas.com\/index.php?rest_route=\/wp\/v2\/pages\/377","targetHints":{"allow":["GET"]}}],"collection":[{"href":"https:\/\/sillassubegradas.com\/index.php?rest_route=\/wp\/v2\/pages"}],"about":[{"href":"https:\/\/sillassubegradas.com\/index.php?rest_route=\/wp\/v2\/types\/page"}],"author":[{"embeddable":true,"href":"https:\/\/sillassubegradas.com\/index.php?rest_route=\/wp\/v2\/users\/1"}],"replies":[{"embeddable":true,"href":"https:\/\/sillassubegradas.com\/index.php?rest_route=%2Fwp%2Fv2%2Fcomments&post=377"}],"version-history":[{"count":4,"href":"https:\/\/sillassubegradas.com\/index.php?rest_route=\/wp\/v2\/pages\/377\/revisions"}],"predecessor-version":[{"id":484,"href":"https:\/\/sillassubegradas.com\/index.php?rest_route=\/wp\/v2\/pages\/377\/revisions\/484"}],"wp:attachment":[{"href":"https:\/\/sillassubegradas.com\/index.php?rest_route=%2Fwp%2Fv2%2Fmedia&parent=377"}],"curies":[{"name":"wp","href":"https:\/\/api.w.org\/{rel}","templated":true}]}}